{"id":4297,"date":"2021-10-15T09:22:11","date_gmt":"2021-10-15T06:22:11","guid":{"rendered":"https:\/\/ifonia.fi\/kayttoohjeet\/"},"modified":"2024-06-27T17:00:48","modified_gmt":"2024-06-27T14:00:48","slug":"kayttoohjeet","status":"publish","type":"page","link":"https:\/\/ifonia.fi\/en\/kayttoohjeet\/","title":{"rendered":"Instructions for Use"},"content":{"rendered":"\r\n\r\n<section class=\"hero site-banner banner-bg-image section-right default alignfull image\">\r\n\r\n    <div class=\"site-banner-bg section-bg-image \" >\r\n\r\n        <img loading=\"lazy\" decoding=\"async\" width=\"1331\" height=\"992\" src=\"https:\/\/ifonia.fi\/wp-content\/uploads\/2023\/12\/uusi-vesipiippukuva.jpeg\" class=\"attachment-1536\u00d71536 size-1536\u00d71536\" alt=\"\" srcset=\"https:\/\/ifonia.fi\/wp-content\/uploads\/2023\/12\/uusi-vesipiippukuva.jpeg 1331w, https:\/\/ifonia.fi\/wp-content\/uploads\/2023\/12\/uusi-vesipiippukuva-300x224.jpeg 300w, https:\/\/ifonia.fi\/wp-content\/uploads\/2023\/12\/uusi-vesipiippukuva-1024x763.jpeg 1024w, https:\/\/ifonia.fi\/wp-content\/uploads\/2023\/12\/uusi-vesipiippukuva-768x572.jpeg 768w\" sizes=\"auto, (max-width: 1331px) 100vw, 1331px\" \/><\/div>\r\n        \r\n            <div class=\"site-banner-content container\">\r\n                <div class=\"row w-100\">\r\n                    <div class=\"col-md-12\">\r\n\r\n                        <h1 class=\"hero-title\">Instructions for Use<\/h1><div class=\"inner-content\">\r\n                            <div class=\"acf-innerblocks-container\">\n\n<div class=\"wp-block-button\"><a class=\"wp-block-button__link wp-element-button\" href=\"https:\/\/ifonia.fi\/wp-content\/uploads\/2024\/01\/ifonia-vesipiippu-kaayttooohje-valmis.pdf\" target=\"_blank\" rel=\"noreferrer noopener\">Download the instructions<\/a><\/div>\n\n<\/div>\r\n                        <\/div>                    <\/div>\r\n                <\/div>\r\n            <\/div>\r\n        \r\n        <\/section>\n\n\n<div class=\"wp-block-columns are-vertically-aligned-center is-layout-flex wp-container-core-columns-is-layout-9d6595d7 wp-block-columns-is-layout-flex\">\n<div class=\"wp-block-column is-vertically-aligned-center is-layout-flow wp-block-column-is-layout-flow\">\n<p>1. Pour approximately 5 ml of water or saline solution (you can make your own sodium chloride solution by dissolving 1 teaspoon of sea salt in one litre of water) into the inhaler. Make sure that there is enough water inside the inhaler throughout the procedure.<\/p>\n\n\n\n<p>2. The water is atomized mechanically inside the expansion chamber, which means that you can also use cold water in the inhaler. You can add refreshing substances (such as menthol) to the water to relieve a tickly or dry cough. Users with asthma or allergic symptoms should avoid strong essential substances.<\/p>\n\n\n\n<p>3. Breathe in through the inhaler (suction). Breathe out through the nose. Continue using the inhaler for approximately 2\u20133 minutes at a time. The longer you continue to use the inhaler, the more effective it is.<\/p>\n\n\n\n<p>4. Once you have finished using the inhaler, wash it out with clean water and hang upside down to dry. You can also place the inhaler in boiling water for a few minutes to clean it more thoroughly. The inhaler can also withstand various disinfectants.<\/p>\n\n\n\n<p>If the inhaler becomes damaged or discoloured or can no longer be cleaned properly, you should dispose of it and replace it with a new inhaler.<\/p>\n<\/div>\n\n\n\n<div class=\"wp-block-column is-vertically-aligned-center is-layout-flow wp-block-column-is-layout-flow\">\n<figure class=\"wp-block-embed is-type-video is-provider-youtube wp-block-embed-youtube wp-embed-aspect-16-9 wp-has-aspect-ratio\"><div class=\"wp-block-embed__wrapper\">\n<div class=\"ratio ratio-16x9\"><iframe loading=\"lazy\" title=\"Vesipiipun k\u00e4ytt\u00f6 \u00e4\u00e4nen huollossa\" width=\"800\" height=\"450\" src=\"https:\/\/www.youtube.com\/embed\/I_0b2EE4Zz8?feature=oembed\" frameborder=\"0\" allow=\"accelerometer; autoplay; clipboard-write; encrypted-media; gyroscope; picture-in-picture; web-share\" referrerpolicy=\"strict-origin-when-cross-origin\" allowfullscreen><\/iframe><\/div>\n<\/div><\/figure>\n<\/div>\n<\/div>\n\n\n\n<p><\/p>\n","protected":false},"excerpt":{"rendered":"<p>1. Pour approximately 5 ml of water or saline solution (you can make your own sodium chloride solution by dissolving 1 teaspoon of sea salt in one litre of water) into the inhaler. Make sure that there is enough water inside the inhaler throughout the procedure. 2. The water is atomized mechanically inside the expansion [&hellip;]<\/p>\n","protected":false},"author":1,"featured_media":0,"parent":0,"menu_order":2,"comment_status":"closed","ping_status":"closed","template":"","meta":{"_acf_changed":false,"footnotes":""},"class_list":["post-4297","page","type-page","status-publish","hentry"],"acf":[],"aioseo_notices":[],"_links":{"self":[{"href":"https:\/\/ifonia.fi\/en\/wp-json\/wp\/v2\/pages\/4297","targetHints":{"allow":["GET"]}}],"collection":[{"href":"https:\/\/ifonia.fi\/en\/wp-json\/wp\/v2\/pages"}],"about":[{"href":"https:\/\/ifonia.fi\/en\/wp-json\/wp\/v2\/types\/page"}],"author":[{"embeddable":true,"href":"https:\/\/ifonia.fi\/en\/wp-json\/wp\/v2\/users\/1"}],"replies":[{"embeddable":true,"href":"https:\/\/ifonia.fi\/en\/wp-json\/wp\/v2\/comments?post=4297"}],"version-history":[{"count":2,"href":"https:\/\/ifonia.fi\/en\/wp-json\/wp\/v2\/pages\/4297\/revisions"}],"predecessor-version":[{"id":4301,"href":"https:\/\/ifonia.fi\/en\/wp-json\/wp\/v2\/pages\/4297\/revisions\/4301"}],"wp:attachment":[{"href":"https:\/\/ifonia.fi\/en\/wp-json\/wp\/v2\/media?parent=4297"}],"curies":[{"name":"wp","href":"https:\/\/api.w.org\/{rel}","templated":true}]}}