{"id":4309,"date":"2021-09-28T14:42:32","date_gmt":"2021-09-28T11:42:32","guid":{"rendered":"https:\/\/ifonia.fi\/etusivu\/"},"modified":"2024-06-27T17:14:41","modified_gmt":"2024-06-27T14:14:41","slug":"etusivu","status":"publish","type":"page","link":"https:\/\/ifonia.fi\/sv\/","title":{"rendered":"Ing\u00e5ngssida"},"content":{"rendered":"\r\n\r\n<section class=\"hero site-banner banner-bg-image section-right default alignfull image\">\r\n\r\n    <div class=\"site-banner-bg section-bg-image \" >\r\n\r\n        <img loading=\"lazy\" decoding=\"async\" width=\"1331\" height=\"992\" src=\"https:\/\/ifonia.fi\/wp-content\/uploads\/2023\/12\/uusi-vesipiippukuva.jpeg\" class=\"attachment-1536\u00d71536 size-1536\u00d71536\" alt=\"\" srcset=\"https:\/\/ifonia.fi\/wp-content\/uploads\/2023\/12\/uusi-vesipiippukuva.jpeg 1331w, https:\/\/ifonia.fi\/wp-content\/uploads\/2023\/12\/uusi-vesipiippukuva-300x224.jpeg 300w, https:\/\/ifonia.fi\/wp-content\/uploads\/2023\/12\/uusi-vesipiippukuva-1024x763.jpeg 1024w, https:\/\/ifonia.fi\/wp-content\/uploads\/2023\/12\/uusi-vesipiippukuva-768x572.jpeg 768w\" sizes=\"auto, (max-width: 1331px) 100vw, 1331px\" \/><\/div>\r\n        \r\n            <div class=\"site-banner-content container\">\r\n                <div class=\"row w-100\">\r\n                    <div class=\"col-md-12\">\r\n\r\n                        <h1 class=\"hero-title\">Vattenpipa-inhalator<\/h1><div class=\"inner-content\">\r\n                            <div class=\"acf-innerblocks-container\">\n\n<p>\u00c5nginandning \u00e4r ett gammalt s\u00e4tt att behandla tillt\u00e4ppthet \u2013 med en vattenpipa g\u00e5r det l\u00e4tt och beh\u00e4ndigt! En vattenpipa \u00e4r en inhalator som fuktar munnen, svalget, strupen och st\u00e4mbanden. Den lindrar halsont, hosta och en tillt\u00e4ppt n\u00e4sa.<\/p>\n\n\n\n<p>L\u00e4tt att anv\u00e4nda. B\u00e5de f\u00f6r vuxna och barn.<\/p>\n\n<\/div>\r\n                        <\/div>                    <\/div>\r\n                <\/div>\r\n            <\/div>\r\n        \r\n        <\/section>\n\n\n<div class=\"wp-block-columns are-vertically-aligned-center is-layout-flex wp-container-core-columns-is-layout-9d6595d7 wp-block-columns-is-layout-flex\">\n<div class=\"wp-block-column is-vertically-aligned-center sivupalkki is-layout-flow wp-block-column-is-layout-flow\" style=\"flex-basis:33.33%\">\n<figure class=\"wp-block-image size-large\"><img loading=\"lazy\" decoding=\"async\" width=\"818\" height=\"1024\" src=\"https:\/\/ifonia.fi\/wp-content\/uploads\/2023\/12\/vesipiippu-inhalaattori-818x1024.png\" alt=\"\" class=\"wp-image-4128\"\/><\/figure>\n<\/div>\n\n\n\n<div class=\"wp-block-column is-vertically-aligned-center is-layout-flow wp-block-column-is-layout-flow\" style=\"flex-basis:66.66%\">\n<h2 class=\"wp-block-heading\">Fuktar effektivt strupen, svalget och st\u00e4mbanden!<\/h2>\n\n\n\n<ul class=\"wp-block-list\">\n<li>F\u00f6r lindring av hostretning<\/li>\n\n\n\n<li>F\u00f6r lindring av retning i svalg och strupe<\/li>\n\n\n\n<li>Mot torrhet vid k\u00f6ld<\/li>\n\n\n\n<li>F\u00f6r yrkestalares v\u00e5rd av st\u00e4mbanden<\/li>\n\n\n\n<li>F\u00f6r dem som lider av gatudamm<\/li>\n\n\n\n<li>Mot heshet<\/li>\n\n\n\n<li>\u00c4ven f\u00f6r astmatiker efter intagande av medicin<\/li>\n<\/ul>\n\n\n\n<p>Varm \u00e5nga fuktar och v\u00e4rmer luftv\u00e4garna samt minskar slem och tillt\u00e4ppthet. Den kan minska risken f\u00f6r luftv\u00e4gsinfektioner som irriterar lungorna och f\u00f6rs\u00e4mrar prestationsf\u00f6rm\u00e5gan. Den varma \u00e5ngan fuktar st\u00e4mbanden och f\u00f6rb\u00e4ttrar r\u00f6sten.<\/p>\n<\/div>\n<\/div>\n\n\n\n<div class=\"wp-block-cover alignfull is-light\"><span aria-hidden=\"true\" class=\"wp-block-cover__background has-background-dim\" style=\"background-color:#e8f1ff\"><\/span><img loading=\"lazy\" decoding=\"async\" width=\"2560\" height=\"1700\" class=\"wp-block-cover__image-background wp-image-4184\" alt=\"\" src=\"https:\/\/ifonia.fi\/wp-content\/uploads\/2023\/12\/shutterstock-2321955713-scaled.jpg\" data-object-fit=\"cover\" srcset=\"https:\/\/ifonia.fi\/wp-content\/uploads\/2023\/12\/shutterstock-2321955713-scaled.jpg 2560w, https:\/\/ifonia.fi\/wp-content\/uploads\/2023\/12\/shutterstock-2321955713-300x199.jpg 300w, https:\/\/ifonia.fi\/wp-content\/uploads\/2023\/12\/shutterstock-2321955713-1024x680.jpg 1024w, https:\/\/ifonia.fi\/wp-content\/uploads\/2023\/12\/shutterstock-2321955713-768x510.jpg 768w, https:\/\/ifonia.fi\/wp-content\/uploads\/2023\/12\/shutterstock-2321955713-1536x1020.jpg 1536w, https:\/\/ifonia.fi\/wp-content\/uploads\/2023\/12\/shutterstock-2321955713-2048x1360.jpg 2048w\" sizes=\"auto, (max-width: 2560px) 100vw, 2560px\" \/><div class=\"wp-block-cover__inner-container is-layout-constrained wp-block-cover-is-layout-constrained\">\n<p class=\"has-text-align-center has-black-color has-text-color has-link-color has-large-font-size wp-elements-77bc70330d389cb5e0700b6c3699c8fc\">Anv\u00e4ndares erfarenheter<\/p>\n\n\n\n<div class=\"wp-block-columns is-layout-flex wp-container-core-columns-is-layout-9d6595d7 wp-block-columns-is-layout-flex\">\n<div class=\"wp-block-column is-layout-flow wp-block-column-is-layout-flow\">\n<p><em>\u201dEtt verkligt fynd fr\u00e5n influensaperioden i v\u00e5ras, enligt min erfarenhet \u00e4r det v\u00e4l b\u00e4st att anv\u00e4nda den f\u00f6rebyggande genast n\u00e4r halsen k\u00e4nns sjuk, torr eller p\u00e5 annat s\u00e4tt irriterad. Ett bra och billigt s\u00e4tt att f\u00e5 hj\u00e4lp mot halsont.\u201d<\/em><\/p>\n\n\n\n<hr class=\"wp-block-separator has-text-color has-alpha-channel-opacity has-background is-style-wide\" style=\"background-color:#0d6dfc38;color:#0d6dfc38\"\/>\n\n\n\n<p><em>\u201dL\u00e4tt och f\u00f6rm\u00e5nlig. Jag har f\u00e5tt ett snabbt botemedel mot hes flunsar\u00f6st, hosta och tillt\u00e4ppt n\u00e4sa och ocks\u00e5 mot muntorrhet. Tack vare den sk\u00f6tare som gav mig tipset.\u201d<\/em><\/p>\n\n\n\n<hr class=\"wp-block-separator has-text-color has-alpha-channel-opacity has-background is-style-wide\" style=\"background-color:#0d6dfc38;color:#0d6dfc38\"\/>\n\n\n\n<p><em>\u201dDet b\u00e4sta man kan k\u00f6pa mot str\u00e4vhet i mun, hals och svalg. Fuktar verkligen effektivt, st\u00e4mbanden tackar redan f\u00f6r tv\u00e5 inandningar per dag. Den \u00f6ppnade n\u00e4sborrarna p\u00e5 ett helt nytt s\u00e4tt \u00e4ven utan astmapipa.\u201d<\/em><\/p>\n\n\n\n<hr class=\"wp-block-separator has-text-color has-alpha-channel-opacity has-background is-style-wide\" style=\"background-color:#0d6dfc38;color:#0d6dfc38\"\/>\n\n\n\n<p><em>\u201dVattenpipan har varit en hj\u00e4lp mot torr hosta, denna produkt \u00e4r mycket l\u00e4ttare att anv\u00e4nda \u00e4n en stor och dyr \u00e5nginhalator.\u201d<\/em><\/p>\n<\/div>\n\n\n\n<div class=\"wp-block-column is-layout-flow wp-block-column-is-layout-flow\">\n<p><em>\u201dDenna produkt har tillsammans med medicineringen varit ett botemedel mot min refluxsjukdom. Halsen k\u00e4nns inte l\u00e4ngre s\u00e5 torr, och pipan fuktar slemhinnorna och st\u00e4mbanden p\u00e5 ett bra s\u00e4tt. Den h\u00e4r kommer jag helt s\u00e4kert att anv\u00e4nda. Jag rekommenderar den varmt om du har torrhet i halsen eller heshet i r\u00f6sten.\u201d<\/em><\/p>\n\n\n\n<hr class=\"wp-block-separator has-text-color has-alpha-channel-opacity has-background is-style-wide\" style=\"background-color:#0d6dfc38;color:#0d6dfc38\"\/>\n\n\n\n<p><em>\u201dJag \u00e4r s\u00e5ngare och anv\u00e4nder alltid den h\u00e4r n\u00e4r halsen beh\u00f6ver fukt: p\u00e5 vintern n\u00e4r luften \u00e4r torr, och naturligtvis om halsen \u00e4r str\u00e4v eller jag har hosta. Den \u00e4r l\u00e4tt att anv\u00e4nda och ha med sig.\u201d<\/em><\/p>\n\n\n\n<hr class=\"wp-block-separator has-text-color has-alpha-channel-opacity has-background is-style-wide\" style=\"background-color:#0d6dfc38;color:#0d6dfc38\"\/>\n\n\n\n<p><em>\u201dOkej, nu har man k\u00f6pt sin pipa och blivit k\u00e4r i den. Jag sku aldrig ha kunnat f\u00f6rest\u00e4lla mig hur mycket den kan hj\u00e4lpa mig!! Man beh\u00f6ver int hela tiden st\u00e5 och harkla sig n\u00e4r man b\u00f6rjar prata, och halsen k\u00e4nns int s\u00e5 torr och str\u00e4v.\u201d<\/em><\/p>\n\n\n\n<hr class=\"wp-block-separator has-text-color has-alpha-channel-opacity has-background is-style-wide\" style=\"background-color:#0d6dfc38;color:#0d6dfc38\"\/>\n\n\n\n<p><em>\u201dJag m\u00e5ste nog s\u00e4ga att det var en \u00f6verraskning att den ger s\u00e5 mycket hj\u00e4lp!\u201d<\/em><\/p>\n<\/div>\n<\/div>\n<\/div><\/div>\n\n\n\n<p><\/p>\n\n\n\n<div class=\"wp-block-columns is-layout-flex wp-container-core-columns-is-layout-9d6595d7 wp-block-columns-is-layout-flex\">\n<div class=\"wp-block-column is-layout-flow wp-block-column-is-layout-flow\">\n<h2 class=\"wp-block-heading has-text-align-center\">Vattenpipan i medierna<\/h2>\n<\/div>\n<\/div>\n\n\n\r\n<div class=\"wp-block logowall\">\r\n    <div class=\"acf-innerblocks-container\">\n\n<figure class=\"wp-block-image size-full\"><a href=\"https:\/\/www.iltalehti.fi\/flunssa\/a\/8659f2d0-1702-454b-85b4-6b01822d4c25\" target=\"_blank\" rel=\"noreferrer noopener\"><img loading=\"lazy\" decoding=\"async\" width=\"520\" height=\"97\" src=\"https:\/\/ifonia.fi\/wp-content\/uploads\/2024\/01\/iltalehti.png\" alt=\"\" class=\"wp-image-4200\" srcset=\"https:\/\/ifonia.fi\/wp-content\/uploads\/2024\/01\/iltalehti.png 520w, https:\/\/ifonia.fi\/wp-content\/uploads\/2024\/01\/iltalehti-300x56.png 300w\" sizes=\"auto, (max-width: 520px) 100vw, 520px\" \/><\/a><\/figure>\n\n\n\n<figure class=\"wp-block-image size-full\"><a href=\"https:\/\/yle.fi\/a\/3-5086048\" target=\"_blank\" rel=\"noreferrer noopener\"><img loading=\"lazy\" decoding=\"async\" width=\"700\" height=\"700\" src=\"https:\/\/ifonia.fi\/wp-content\/uploads\/2024\/01\/yle.png\" alt=\"\" class=\"wp-image-4234\" srcset=\"https:\/\/ifonia.fi\/wp-content\/uploads\/2024\/01\/yle.png 700w, https:\/\/ifonia.fi\/wp-content\/uploads\/2024\/01\/yle-300x300.png 300w, https:\/\/ifonia.fi\/wp-content\/uploads\/2024\/01\/yle-150x150.png 150w\" sizes=\"auto, (max-width: 700px) 100vw, 700px\" \/><\/a><\/figure>\n\n\n\n<figure class=\"wp-block-image size-full\"><a href=\"https:\/\/kotiliesi.fi\/terveys\/limainen-kurkku-tai-kuiva-nena-pullopuhallus-nenakannu-tai-vesipiippu-voivat-tarjota-ratkaisun-ongelmaan\/\" target=\"_blank\" rel=\"noreferrer noopener\"><img loading=\"lazy\" decoding=\"async\" width=\"498\" height=\"101\" src=\"https:\/\/ifonia.fi\/wp-content\/uploads\/2024\/01\/kotiliesi.png\" alt=\"\" class=\"wp-image-4237\" srcset=\"https:\/\/ifonia.fi\/wp-content\/uploads\/2024\/01\/kotiliesi.png 498w, https:\/\/ifonia.fi\/wp-content\/uploads\/2024\/01\/kotiliesi-300x61.png 300w\" sizes=\"auto, (max-width: 498px) 100vw, 498px\" \/><\/a><\/figure>\n\n\n\n<figure class=\"wp-block-image size-full\"><a href=\"https:\/\/seura.fi\/terveys\/10-kysymysta\/hoyryhengitys-miten-se-tehdaan-kenelle-hoyryhengityslaite-on-tarpeen\/\" target=\"_blank\" rel=\"noreferrer noopener\"><img loading=\"lazy\" decoding=\"async\" width=\"288\" height=\"74\" src=\"https:\/\/ifonia.fi\/wp-content\/uploads\/2024\/01\/seura-logo.png\" alt=\"\" class=\"wp-image-4238\"\/><\/a><\/figure>\n\n\n\n<figure class=\"wp-block-image size-full\"><a href=\"https:\/\/www.seiska.fi\/kotimaa\/janni-hussin-raju-viikon-aloitus-bongi-mallitabletteja-ja-riekaleinen-lakana-kuva\/287909\" target=\"_blank\" rel=\"noreferrer noopener\"><img loading=\"lazy\" decoding=\"async\" width=\"148\" height=\"182\" src=\"https:\/\/ifonia.fi\/wp-content\/uploads\/2024\/01\/seiska.png\" alt=\"\" class=\"wp-image-4240\"\/><\/a><\/figure>\n\n<\/div><\/div>","protected":false},"excerpt":{"rendered":"<p>Fuktar effektivt strupen, svalget och st\u00e4mbanden! Varm \u00e5nga fuktar och v\u00e4rmer luftv\u00e4garna samt minskar slem och tillt\u00e4ppthet. Den kan minska risken f\u00f6r luftv\u00e4gsinfektioner som irriterar lungorna och f\u00f6rs\u00e4mrar prestationsf\u00f6rm\u00e5gan. Den varma \u00e5ngan fuktar st\u00e4mbanden och f\u00f6rb\u00e4ttrar r\u00f6sten. Vattenpipan i medierna<\/p>\n","protected":false},"author":1,"featured_media":0,"parent":0,"menu_order":1,"comment_status":"closed","ping_status":"closed","template":"","meta":{"_acf_changed":false,"footnotes":""},"class_list":["post-4309","page","type-page","status-publish","hentry"],"acf":[],"aioseo_notices":[],"_links":{"self":[{"href":"https:\/\/ifonia.fi\/sv\/wp-json\/wp\/v2\/pages\/4309","targetHints":{"allow":["GET"]}}],"collection":[{"href":"https:\/\/ifonia.fi\/sv\/wp-json\/wp\/v2\/pages"}],"about":[{"href":"https:\/\/ifonia.fi\/sv\/wp-json\/wp\/v2\/types\/page"}],"author":[{"embeddable":true,"href":"https:\/\/ifonia.fi\/sv\/wp-json\/wp\/v2\/users\/1"}],"replies":[{"embeddable":true,"href":"https:\/\/ifonia.fi\/sv\/wp-json\/wp\/v2\/comments?post=4309"}],"version-history":[{"count":2,"href":"https:\/\/ifonia.fi\/sv\/wp-json\/wp\/v2\/pages\/4309\/revisions"}],"predecessor-version":[{"id":4314,"href":"https:\/\/ifonia.fi\/sv\/wp-json\/wp\/v2\/pages\/4309\/revisions\/4314"}],"wp:attachment":[{"href":"https:\/\/ifonia.fi\/sv\/wp-json\/wp\/v2\/media?parent=4309"}],"curies":[{"name":"wp","href":"https:\/\/api.w.org\/{rel}","templated":true}]}}