{"id":4310,"date":"2021-10-15T09:22:11","date_gmt":"2021-10-15T06:22:11","guid":{"rendered":"https:\/\/ifonia.fi\/kayttoohjeet\/"},"modified":"2024-06-27T17:18:17","modified_gmt":"2024-06-27T14:18:17","slug":"kayttoohjeet","status":"publish","type":"page","link":"https:\/\/ifonia.fi\/sv\/kayttoohjeet\/","title":{"rendered":"Bruksanvisning"},"content":{"rendered":"\r\n\r\n<section class=\"hero site-banner banner-bg-image section-right default alignfull image\">\r\n\r\n    <div class=\"site-banner-bg section-bg-image \" >\r\n\r\n        <img loading=\"lazy\" decoding=\"async\" width=\"1331\" height=\"992\" src=\"https:\/\/ifonia.fi\/wp-content\/uploads\/2023\/12\/uusi-vesipiippukuva.jpeg\" class=\"attachment-1536\u00d71536 size-1536\u00d71536\" alt=\"\" srcset=\"https:\/\/ifonia.fi\/wp-content\/uploads\/2023\/12\/uusi-vesipiippukuva.jpeg 1331w, https:\/\/ifonia.fi\/wp-content\/uploads\/2023\/12\/uusi-vesipiippukuva-300x224.jpeg 300w, https:\/\/ifonia.fi\/wp-content\/uploads\/2023\/12\/uusi-vesipiippukuva-1024x763.jpeg 1024w, https:\/\/ifonia.fi\/wp-content\/uploads\/2023\/12\/uusi-vesipiippukuva-768x572.jpeg 768w\" sizes=\"auto, (max-width: 1331px) 100vw, 1331px\" \/><\/div>\r\n        \r\n            <div class=\"site-banner-content container\">\r\n                <div class=\"row w-100\">\r\n                    <div class=\"col-md-12\">\r\n\r\n                        <h1 class=\"hero-title\">Bruksanvisning<\/h1><div class=\"inner-content\">\r\n                            <div class=\"acf-innerblocks-container\">\n\n<div class=\"wp-block-button\"><a class=\"wp-block-button__link wp-element-button\" href=\"https:\/\/ifonia.fi\/wp-content\/uploads\/2024\/01\/ifonia-vesipiippu-kaayttooohje-valmis.pdf\" target=\"_blank\" rel=\"noreferrer noopener\">Ladda ner bruksanvisningen<\/a><\/div>\n\n<\/div>\r\n                        <\/div>                    <\/div>\r\n                <\/div>\r\n            <\/div>\r\n        \r\n        <\/section>\n\n\n<div class=\"wp-block-columns are-vertically-aligned-center is-layout-flex wp-container-core-columns-is-layout-9d6595d7 wp-block-columns-is-layout-flex\">\n<div class=\"wp-block-column is-vertically-aligned-center is-layout-flow wp-block-column-is-layout-flow\">\n<p>1. H\u00e4ll ca 5 ml vatten eller koksaltl\u00f6sning i vattenpipan (NaCl kan du g\u00f6ra sj\u00e4lv: 1 matsked havssalt i en liter vatten). Se till att det under hela behandlingen finns tillr\u00e4ckligt med v\u00e4tska i vattenpipan.<\/p>\n\n\n\n<p>2. Vattnet splittras mekaniskt till droppar i utvidgningsdelen som d\u00e4rf\u00f6r \u00e4ven fungerar med kall v\u00e4tska. F\u00f6r att lindra kittlande och irriterande hosta kan man blanda uppfriskande \u00e4mnen (t.ex. mentol) i vattnet. Astmatiker och allergiker b\u00f6r undvika starka eteriska \u00e4mnen.<\/p>\n\n\n\n<p>3. G\u00f6r en inandning (insugning) genom vattenpipan. Utandningen ska ske genom n\u00e4san. Anv\u00e4nd vattenpipan mellan 2 och 3 minuter \u00e5t g\u00e5ngen. Pipan fuktar b\u00e4ttre ju l\u00e4ngre du anv\u00e4nder den.<\/p>\n\n\n\n<p>4. Efter anv\u00e4ndning ska vattenpipan sk\u00f6ljas med rent vatten och torka uppochnerv\u00e4nd. Det b\u00e4sta s\u00e4ttet att reng\u00f6ra vattenpipan \u00e4r att koka den i vatten i n\u00e5gra minuter. Vattenpipan t\u00e5l \u00e4ven flera desinfektionsmedel.<\/p>\n\n\n\n<p>Om vattenpipan blir skadad, m\u00f6rknar eller inte l\u00e4ngre kan reng\u00f6ras, sluta anv\u00e4nda den och k\u00f6p en ny.<\/p>\n<\/div>\n\n\n\n<div class=\"wp-block-column is-vertically-aligned-center is-layout-flow wp-block-column-is-layout-flow\">\n<figure class=\"wp-block-embed is-type-video is-provider-youtube wp-block-embed-youtube wp-embed-aspect-16-9 wp-has-aspect-ratio\"><div class=\"wp-block-embed__wrapper\">\n<div class=\"ratio ratio-16x9\"><iframe loading=\"lazy\" title=\"Vesipiipun k\u00e4ytt\u00f6 \u00e4\u00e4nen huollossa\" width=\"800\" height=\"450\" src=\"https:\/\/www.youtube.com\/embed\/I_0b2EE4Zz8?feature=oembed\" frameborder=\"0\" allow=\"accelerometer; autoplay; clipboard-write; encrypted-media; gyroscope; picture-in-picture; web-share\" referrerpolicy=\"strict-origin-when-cross-origin\" allowfullscreen><\/iframe><\/div>\n<\/div><\/figure>\n<\/div>\n<\/div>\n\n\n\n<p><\/p>\n","protected":false},"excerpt":{"rendered":"<p>1. H\u00e4ll ca 5 ml vatten eller koksaltl\u00f6sning i vattenpipan (NaCl kan du g\u00f6ra sj\u00e4lv: 1 matsked havssalt i en liter vatten). Se till att det under hela behandlingen finns tillr\u00e4ckligt med v\u00e4tska i vattenpipan. 2. Vattnet splittras mekaniskt till droppar i utvidgningsdelen som d\u00e4rf\u00f6r \u00e4ven fungerar med kall v\u00e4tska. F\u00f6r att lindra kittlande och [&hellip;]<\/p>\n","protected":false},"author":1,"featured_media":0,"parent":0,"menu_order":2,"comment_status":"closed","ping_status":"closed","template":"","meta":{"_acf_changed":false,"footnotes":""},"class_list":["post-4310","page","type-page","status-publish","hentry"],"acf":[],"aioseo_notices":[],"_links":{"self":[{"href":"https:\/\/ifonia.fi\/sv\/wp-json\/wp\/v2\/pages\/4310","targetHints":{"allow":["GET"]}}],"collection":[{"href":"https:\/\/ifonia.fi\/sv\/wp-json\/wp\/v2\/pages"}],"about":[{"href":"https:\/\/ifonia.fi\/sv\/wp-json\/wp\/v2\/types\/page"}],"author":[{"embeddable":true,"href":"https:\/\/ifonia.fi\/sv\/wp-json\/wp\/v2\/users\/1"}],"replies":[{"embeddable":true,"href":"https:\/\/ifonia.fi\/sv\/wp-json\/wp\/v2\/comments?post=4310"}],"version-history":[{"count":1,"href":"https:\/\/ifonia.fi\/sv\/wp-json\/wp\/v2\/pages\/4310\/revisions"}],"predecessor-version":[{"id":4317,"href":"https:\/\/ifonia.fi\/sv\/wp-json\/wp\/v2\/pages\/4310\/revisions\/4317"}],"wp:attachment":[{"href":"https:\/\/ifonia.fi\/sv\/wp-json\/wp\/v2\/media?parent=4310"}],"curies":[{"name":"wp","href":"https:\/\/api.w.org\/{rel}","templated":true}]}}